{"id":2,"date":"2025-04-10T08:38:50","date_gmt":"2025-04-10T08:38:50","guid":{"rendered":"https:\/\/ganbarataberna.rkinformatika.online\/?page_id=2"},"modified":"2025-04-14T10:23:07","modified_gmt":"2025-04-14T10:23:07","slug":"inicio","status":"publish","type":"page","link":"https:\/\/ganbarataberna.com\/eu\/","title":{"rendered":"Hasiera"},"content":{"rendered":"\t\t<div data-elementor-type=\"wp-page\" data-elementor-id=\"2\" class=\"elementor elementor-2\" data-elementor-post-type=\"page\">\n\t\t\t\t<div class=\"elementor-element elementor-element-5bfd483 e-con-full e-flex e-con e-parent\" data-id=\"5bfd483\" data-element_type=\"container\" data-e-type=\"container\" data-settings=\"{&quot;background_background&quot;:&quot;classic&quot;,&quot;background_motion_fx_motion_fx_scrolling&quot;:&quot;yes&quot;,&quot;background_motion_fx_devices&quot;:[&quot;desktop&quot;,&quot;tablet&quot;,&quot;mobile&quot;]}\">\n\t\t\t\t<div class=\"elementor-element elementor-element-d84c92b animated-slow elementor-invisible elementor-widget elementor-widget-heading\" data-id=\"d84c92b\" data-element_type=\"widget\" data-e-type=\"widget\" data-settings=\"{&quot;_animation&quot;:&quot;fadeIn&quot;}\" data-widget_type=\"heading.default\">\n\t\t\t\t<div class=\"elementor-widget-container\">\n\t\t\t\t\t<h2 class=\"elementor-heading-title elementor-size-default\">\u00a1Bienvenidos a Ganbara Taberna!<\/h2>\t\t\t\t<\/div>\n\t\t\t\t<\/div>\n\t\t\t\t<div class=\"elementor-element elementor-element-c10eca8 animated-slow elementor-invisible elementor-widget elementor-widget-heading\" data-id=\"c10eca8\" data-element_type=\"widget\" data-e-type=\"widget\" data-settings=\"{&quot;_animation&quot;:&quot;fadeIn&quot;}\" data-widget_type=\"heading.default\">\n\t\t\t\t<div class=\"elementor-widget-container\">\n\t\t\t\t\t<h2 class=\"elementor-heading-title elementor-size-default\">Lugar de encuentro y reuni\u00f3n para amigos y familia <\/h2>\t\t\t\t<\/div>\n\t\t\t\t<\/div>\n\t\t\t\t<\/div>\n\t\t<div class=\"elementor-element elementor-element-614ec7a e-con-full e-flex e-con e-parent\" data-id=\"614ec7a\" data-element_type=\"container\" data-e-type=\"container\" data-settings=\"{&quot;background_background&quot;:&quot;classic&quot;}\">\n\t\t<div class=\"elementor-element elementor-element-1cc060c e-con-full e-flex elementor-invisible e-con e-child\" data-id=\"1cc060c\" data-element_type=\"container\" data-e-type=\"container\" data-settings=\"{&quot;animation&quot;:&quot;fadeInLeft&quot;}\">\n\t\t\t\t<div class=\"elementor-element elementor-element-bf29b78 elementor-widget elementor-widget-heading\" data-id=\"bf29b78\" data-element_type=\"widget\" data-e-type=\"widget\" data-widget_type=\"heading.default\">\n\t\t\t\t<div class=\"elementor-widget-container\">\n\t\t\t\t\t<h2 class=\"elementor-heading-title elementor-size-default\">Nuestra historia<\/h2>\t\t\t\t<\/div>\n\t\t\t\t<\/div>\n\t\t\t\t<div class=\"elementor-element elementor-element-b90c783 elementor-widget elementor-widget-text-editor\" data-id=\"b90c783\" data-element_type=\"widget\" data-e-type=\"widget\" data-widget_type=\"text-editor.default\">\n\t\t\t\t<div class=\"elementor-widget-container\">\n\t\t\t\t\t\t\t\t\t<p class=\"\" data-start=\"102\" data-end=\"382\">Ganbara nace del trabajo y la pasi\u00f3n de dos personas con amplia experiencia en hosteler\u00eda. Tras a\u00f1os dedicados a este oficio, decidieron abrir un espacio propio en el centro de Galdakao, con la intenci\u00f3n de crear algo m\u00e1s que un bar: un punto de encuentro para todas las personas.<\/p><p class=\"\" data-start=\"384\" data-end=\"593\">Desde el primer d\u00eda, la filosof\u00eda ha sido clara: un lugar donde reina el respeto, la tranquilidad y la inclusi\u00f3n, sin importar la edad ni la ideolog\u00eda. Ganbara busca ser un espacio acogedor para todas y todos.<\/p><p class=\"\" data-start=\"595\" data-end=\"870\">A pesar de los tiempos dif\u00edciles que ha vivido el sector, el compromiso con la comunidad y con el oficio sigue siendo firme. Lo que realmente diferencia a Ganbara no son solo sus vinos, caf\u00e9s o platos especiales, sino el car\u00e1cter y la cercan\u00eda que se respira en cada detalle.<\/p>\t\t\t\t\t\t\t\t<\/div>\n\t\t\t\t<\/div>\n\t\t\t\t<\/div>\n\t\t<div class=\"elementor-element elementor-element-00d4700 e-con-full e-flex elementor-invisible e-con e-child\" data-id=\"00d4700\" data-element_type=\"container\" data-e-type=\"container\" data-settings=\"{&quot;background_background&quot;:&quot;classic&quot;,&quot;animation&quot;:&quot;fadeInRight&quot;}\">\n\t\t\t\t<div class=\"elementor-element elementor-element-eed8564 elementor-hidden-tablet elementor-hidden-mobile elementor-widget elementor-widget-image\" data-id=\"eed8564\" data-element_type=\"widget\" data-e-type=\"widget\" data-widget_type=\"image.default\">\n\t\t\t\t<div class=\"elementor-widget-container\">\n\t\t\t\t\t\t\t\t\t\t\t\t\t\t\t<img fetchpriority=\"high\" decoding=\"async\" width=\"800\" height=\"426\" src=\"https:\/\/ganbarataberna.com\/wp-content\/uploads\/2025\/04\/ganbara-1-1-e1744381606458-1024x545.png\" class=\"attachment-large size-large wp-image-101\" alt=\"\" srcset=\"https:\/\/ganbarataberna.com\/wp-content\/uploads\/2025\/04\/ganbara-1-1-e1744381606458-1024x545.png 1024w, https:\/\/ganbarataberna.com\/wp-content\/uploads\/2025\/04\/ganbara-1-1-e1744381606458-300x160.png 300w, https:\/\/ganbarataberna.com\/wp-content\/uploads\/2025\/04\/ganbara-1-1-e1744381606458-768x409.png 768w, https:\/\/ganbarataberna.com\/wp-content\/uploads\/2025\/04\/ganbara-1-1-e1744381606458-18x10.png 18w, https:\/\/ganbarataberna.com\/wp-content\/uploads\/2025\/04\/ganbara-1-1-e1744381606458.png 1446w\" sizes=\"(max-width: 800px) 100vw, 800px\" \/>\t\t\t\t\t\t\t\t\t\t\t\t\t\t\t<\/div>\n\t\t\t\t<\/div>\n\t\t\t\t<div class=\"elementor-element elementor-element-46382df elementor-hidden-desktop elementor-widget elementor-widget-image\" data-id=\"46382df\" data-element_type=\"widget\" data-e-type=\"widget\" data-widget_type=\"image.default\">\n\t\t\t\t<div class=\"elementor-widget-container\">\n\t\t\t\t\t\t\t\t\t\t\t\t\t\t\t<img decoding=\"async\" width=\"1098\" height=\"770\" src=\"https:\/\/ganbarataberna.com\/wp-content\/uploads\/2025\/04\/IMG_9488-Gorrotxito-S.L-e1744387564968.jpeg\" class=\"attachment-full size-full wp-image-95\" alt=\"\" srcset=\"https:\/\/ganbarataberna.com\/wp-content\/uploads\/2025\/04\/IMG_9488-Gorrotxito-S.L-e1744387564968.jpeg 1098w, https:\/\/ganbarataberna.com\/wp-content\/uploads\/2025\/04\/IMG_9488-Gorrotxito-S.L-e1744387564968-300x210.jpeg 300w, https:\/\/ganbarataberna.com\/wp-content\/uploads\/2025\/04\/IMG_9488-Gorrotxito-S.L-e1744387564968-1024x718.jpeg 1024w, https:\/\/ganbarataberna.com\/wp-content\/uploads\/2025\/04\/IMG_9488-Gorrotxito-S.L-e1744387564968-768x539.jpeg 768w, https:\/\/ganbarataberna.com\/wp-content\/uploads\/2025\/04\/IMG_9488-Gorrotxito-S.L-e1744387564968-18x12.jpeg 18w\" sizes=\"(max-width: 1098px) 100vw, 1098px\" \/>\t\t\t\t\t\t\t\t\t\t\t\t\t\t\t<\/div>\n\t\t\t\t<\/div>\n\t\t\t\t<\/div>\n\t\t\t\t<\/div>\n\t\t<div class=\"elementor-element elementor-element-d221b70 e-con-full e-flex e-con e-parent\" data-id=\"d221b70\" data-element_type=\"container\" data-e-type=\"container\" data-settings=\"{&quot;background_background&quot;:&quot;classic&quot;,&quot;background_motion_fx_motion_fx_scrolling&quot;:&quot;yes&quot;,&quot;background_motion_fx_devices&quot;:[&quot;desktop&quot;,&quot;tablet&quot;,&quot;mobile&quot;]}\">\n\t\t\t\t<div class=\"elementor-element elementor-element-f574fe3 animated-slow elementor-invisible elementor-widget elementor-widget-heading\" data-id=\"f574fe3\" data-element_type=\"widget\" data-e-type=\"widget\" data-settings=\"{&quot;_animation&quot;:&quot;fadeIn&quot;}\" data-widget_type=\"heading.default\">\n\t\t\t\t<div class=\"elementor-widget-container\">\n\t\t\t\t\t<h2 class=\"elementor-heading-title elementor-size-default\">Ven y disfruta del buen ambiente<\/h2>\t\t\t\t<\/div>\n\t\t\t\t<\/div>\n\t\t\t\t<div class=\"elementor-element elementor-element-ba5b1de elementor-align-center animated-slow elementor-button-info elementor-invisible elementor-widget elementor-widget-button\" data-id=\"ba5b1de\" data-element_type=\"widget\" data-e-type=\"widget\" data-settings=\"{&quot;_animation&quot;:&quot;fadeInUp&quot;}\" data-widget_type=\"button.default\">\n\t\t\t\t<div class=\"elementor-widget-container\">\n\t\t\t\t\t\t\t\t\t<div class=\"elementor-button-wrapper\">\n\t\t\t\t\t<a class=\"elementor-button elementor-button-link elementor-size-sm\" href=\"https:\/\/ganbarataberna.com\/?page_id=13\">\n\t\t\t\t\t\t<span class=\"elementor-button-content-wrapper\">\n\t\t\t\t\t\t\t\t\t<span class=\"elementor-button-text\">Ver Servicios<\/span>\n\t\t\t\t\t<\/span>\n\t\t\t\t\t<\/a>\n\t\t\t\t<\/div>\n\t\t\t\t\t\t\t\t<\/div>\n\t\t\t\t<\/div>\n\t\t\t\t<\/div>\n\t\t\t\t<\/div>\n\t\t","protected":false},"excerpt":{"rendered":"<p>\u00a1Bienvenidos a Ganbara Taberna! Lugar de encuentro y reuni\u00f3n para amigos y familia Nuestra historia Ganbara nace del trabajo y la pasi\u00f3n de dos personas con amplia experiencia en hosteler\u00eda. Tras a\u00f1os dedicados a este oficio, decidieron abrir un espacio propio en el centro de Galdakao, con la intenci\u00f3n de crear algo m\u00e1s que un [&hellip;]<\/p>\n","protected":false},"author":1,"featured_media":0,"parent":0,"menu_order":0,"comment_status":"closed","ping_status":"closed","template":"elementor_canvas","meta":{"footnotes":""},"class_list":["post-2","page","type-page","status-publish","hentry"],"yoast_head":"<!-- This site is optimized with the Yoast SEO plugin v27.3 - https:\/\/yoast.com\/product\/yoast-seo-wordpress\/ -->\n<title>Inicio - Ganbara Taberna<\/title>\n<meta name=\"robots\" content=\"index, follow, max-snippet:-1, max-image-preview:large, max-video-preview:-1\" \/>\n<link rel=\"canonical\" href=\"https:\/\/ganbarataberna.com\/eu\/\" \/>\n<meta property=\"og:locale\" content=\"en_US\" \/>\n<meta property=\"og:type\" content=\"article\" \/>\n<meta property=\"og:title\" content=\"Inicio - Ganbara Taberna\" \/>\n<meta property=\"og:description\" content=\"\u00a1Bienvenidos a Ganbara Taberna! Lugar de encuentro y reuni\u00f3n para amigos y familia Nuestra historia Ganbara nace del trabajo y la pasi\u00f3n de dos personas con amplia experiencia en hosteler\u00eda. Tras a\u00f1os dedicados a este oficio, decidieron abrir un espacio propio en el centro de Galdakao, con la intenci\u00f3n de crear algo m\u00e1s que un [&hellip;]\" \/>\n<meta property=\"og:url\" content=\"https:\/\/ganbarataberna.com\/eu\/\" \/>\n<meta property=\"og:site_name\" content=\"Ganbara Taberna\" \/>\n<meta property=\"article:modified_time\" content=\"2025-04-14T10:23:07+00:00\" \/>\n<meta property=\"og:image\" content=\"https:\/\/ganbarataberna.com\/wp-content\/uploads\/2025\/04\/ganbara-1-1-e1744381606458-1024x545.png\" \/>\n<meta name=\"twitter:card\" content=\"summary_large_image\" \/>\n<meta name=\"twitter:label1\" content=\"Est. reading time\" \/>\n\t<meta name=\"twitter:data1\" content=\"2 minutua\" \/>\n<script type=\"application\/ld+json\" class=\"yoast-schema-graph\">{\"@context\":\"https:\\\/\\\/schema.org\",\"@graph\":[{\"@type\":\"WebPage\",\"@id\":\"https:\\\/\\\/ganbarataberna.com\\\/\",\"url\":\"https:\\\/\\\/ganbarataberna.com\\\/\",\"name\":\"Inicio - Ganbara Taberna\",\"isPartOf\":{\"@id\":\"https:\\\/\\\/ganbarataberna.com\\\/#website\"},\"primaryImageOfPage\":{\"@id\":\"https:\\\/\\\/ganbarataberna.com\\\/#primaryimage\"},\"image\":{\"@id\":\"https:\\\/\\\/ganbarataberna.com\\\/#primaryimage\"},\"thumbnailUrl\":\"https:\\\/\\\/ganbarataberna.com\\\/wp-content\\\/uploads\\\/2025\\\/04\\\/ganbara-1-1-e1744381606458-1024x545.png\",\"datePublished\":\"2025-04-10T08:38:50+00:00\",\"dateModified\":\"2025-04-14T10:23:07+00:00\",\"breadcrumb\":{\"@id\":\"https:\\\/\\\/ganbarataberna.com\\\/#breadcrumb\"},\"inLanguage\":\"eu\",\"potentialAction\":[{\"@type\":\"ReadAction\",\"target\":[\"https:\\\/\\\/ganbarataberna.com\\\/\"]}]},{\"@type\":\"ImageObject\",\"inLanguage\":\"eu\",\"@id\":\"https:\\\/\\\/ganbarataberna.com\\\/#primaryimage\",\"url\":\"https:\\\/\\\/ganbarataberna.com\\\/wp-content\\\/uploads\\\/2025\\\/04\\\/ganbara-1-1-e1744381606458-1024x545.png\",\"contentUrl\":\"https:\\\/\\\/ganbarataberna.com\\\/wp-content\\\/uploads\\\/2025\\\/04\\\/ganbara-1-1-e1744381606458-1024x545.png\"},{\"@type\":\"BreadcrumbList\",\"@id\":\"https:\\\/\\\/ganbarataberna.com\\\/#breadcrumb\",\"itemListElement\":[{\"@type\":\"ListItem\",\"position\":1,\"name\":\"Portada\",\"item\":\"https:\\\/\\\/ganbarataberna.com\\\/\"},{\"@type\":\"ListItem\",\"position\":2,\"name\":\"Inicio\"}]},{\"@type\":\"WebSite\",\"@id\":\"https:\\\/\\\/ganbarataberna.com\\\/#website\",\"url\":\"https:\\\/\\\/ganbarataberna.com\\\/\",\"name\":\"Ganbara Taberna\",\"description\":\"Ganbara taberna , lugar de encuentro y reuni\u00f3n para amigos y familia! \",\"publisher\":{\"@id\":\"https:\\\/\\\/ganbarataberna.com\\\/#organization\"},\"potentialAction\":[{\"@type\":\"SearchAction\",\"target\":{\"@type\":\"EntryPoint\",\"urlTemplate\":\"https:\\\/\\\/ganbarataberna.com\\\/?s={search_term_string}\"},\"query-input\":{\"@type\":\"PropertyValueSpecification\",\"valueRequired\":true,\"valueName\":\"search_term_string\"}}],\"inLanguage\":\"eu\"},{\"@type\":\"Organization\",\"@id\":\"https:\\\/\\\/ganbarataberna.com\\\/#organization\",\"name\":\"Ganbara Taberna\",\"url\":\"https:\\\/\\\/ganbarataberna.com\\\/\",\"logo\":{\"@type\":\"ImageObject\",\"inLanguage\":\"eu\",\"@id\":\"https:\\\/\\\/ganbarataberna.com\\\/#\\\/schema\\\/logo\\\/image\\\/\",\"url\":\"https:\\\/\\\/ganbarataberna.com\\\/wp-content\\\/uploads\\\/2025\\\/04\\\/cropped-cropped-logo_ganbara1-1.png\",\"contentUrl\":\"https:\\\/\\\/ganbarataberna.com\\\/wp-content\\\/uploads\\\/2025\\\/04\\\/cropped-cropped-logo_ganbara1-1.png\",\"width\":853,\"height\":304,\"caption\":\"Ganbara Taberna\"},\"image\":{\"@id\":\"https:\\\/\\\/ganbarataberna.com\\\/#\\\/schema\\\/logo\\\/image\\\/\"}}]}<\/script>\n<!-- \/ Yoast SEO plugin. -->","yoast_head_json":{"title":"Inicio - Ganbara Taberna","robots":{"index":"index","follow":"follow","max-snippet":"max-snippet:-1","max-image-preview":"max-image-preview:large","max-video-preview":"max-video-preview:-1"},"canonical":"https:\/\/ganbarataberna.com\/eu\/","og_locale":"en_US","og_type":"article","og_title":"Inicio - Ganbara Taberna","og_description":"\u00a1Bienvenidos a Ganbara Taberna! Lugar de encuentro y reuni\u00f3n para amigos y familia Nuestra historia Ganbara nace del trabajo y la pasi\u00f3n de dos personas con amplia experiencia en hosteler\u00eda. Tras a\u00f1os dedicados a este oficio, decidieron abrir un espacio propio en el centro de Galdakao, con la intenci\u00f3n de crear algo m\u00e1s que un [&hellip;]","og_url":"https:\/\/ganbarataberna.com\/eu\/","og_site_name":"Ganbara Taberna","article_modified_time":"2025-04-14T10:23:07+00:00","og_image":[{"url":"https:\/\/ganbarataberna.com\/wp-content\/uploads\/2025\/04\/ganbara-1-1-e1744381606458-1024x545.png","type":"","width":"","height":""}],"twitter_card":"summary_large_image","twitter_misc":{"Est. reading time":"2 minutua"},"schema":{"@context":"https:\/\/schema.org","@graph":[{"@type":"WebPage","@id":"https:\/\/ganbarataberna.com\/","url":"https:\/\/ganbarataberna.com\/","name":"Inicio - Ganbara Taberna","isPartOf":{"@id":"https:\/\/ganbarataberna.com\/#website"},"primaryImageOfPage":{"@id":"https:\/\/ganbarataberna.com\/#primaryimage"},"image":{"@id":"https:\/\/ganbarataberna.com\/#primaryimage"},"thumbnailUrl":"https:\/\/ganbarataberna.com\/wp-content\/uploads\/2025\/04\/ganbara-1-1-e1744381606458-1024x545.png","datePublished":"2025-04-10T08:38:50+00:00","dateModified":"2025-04-14T10:23:07+00:00","breadcrumb":{"@id":"https:\/\/ganbarataberna.com\/#breadcrumb"},"inLanguage":"eu","potentialAction":[{"@type":"ReadAction","target":["https:\/\/ganbarataberna.com\/"]}]},{"@type":"ImageObject","inLanguage":"eu","@id":"https:\/\/ganbarataberna.com\/#primaryimage","url":"https:\/\/ganbarataberna.com\/wp-content\/uploads\/2025\/04\/ganbara-1-1-e1744381606458-1024x545.png","contentUrl":"https:\/\/ganbarataberna.com\/wp-content\/uploads\/2025\/04\/ganbara-1-1-e1744381606458-1024x545.png"},{"@type":"BreadcrumbList","@id":"https:\/\/ganbarataberna.com\/#breadcrumb","itemListElement":[{"@type":"ListItem","position":1,"name":"Portada","item":"https:\/\/ganbarataberna.com\/"},{"@type":"ListItem","position":2,"name":"Inicio"}]},{"@type":"WebSite","@id":"https:\/\/ganbarataberna.com\/#website","url":"https:\/\/ganbarataberna.com\/","name":"Ganbara Taberna","description":"Ganbara taberna , lugar de encuentro y reuni\u00f3n para amigos y familia!","publisher":{"@id":"https:\/\/ganbarataberna.com\/#organization"},"potentialAction":[{"@type":"SearchAction","target":{"@type":"EntryPoint","urlTemplate":"https:\/\/ganbarataberna.com\/?s={search_term_string}"},"query-input":{"@type":"PropertyValueSpecification","valueRequired":true,"valueName":"search_term_string"}}],"inLanguage":"eu"},{"@type":"Organization","@id":"https:\/\/ganbarataberna.com\/#organization","name":"Ganbara Taberna","url":"https:\/\/ganbarataberna.com\/","logo":{"@type":"ImageObject","inLanguage":"eu","@id":"https:\/\/ganbarataberna.com\/#\/schema\/logo\/image\/","url":"https:\/\/ganbarataberna.com\/wp-content\/uploads\/2025\/04\/cropped-cropped-logo_ganbara1-1.png","contentUrl":"https:\/\/ganbarataberna.com\/wp-content\/uploads\/2025\/04\/cropped-cropped-logo_ganbara1-1.png","width":853,"height":304,"caption":"Ganbara Taberna"},"image":{"@id":"https:\/\/ganbarataberna.com\/#\/schema\/logo\/image\/"}}]}},"_links":{"self":[{"href":"https:\/\/ganbarataberna.com\/eu\/wp-json\/wp\/v2\/pages\/2","targetHints":{"allow":["GET"]}}],"collection":[{"href":"https:\/\/ganbarataberna.com\/eu\/wp-json\/wp\/v2\/pages"}],"about":[{"href":"https:\/\/ganbarataberna.com\/eu\/wp-json\/wp\/v2\/types\/page"}],"author":[{"embeddable":true,"href":"https:\/\/ganbarataberna.com\/eu\/wp-json\/wp\/v2\/users\/1"}],"replies":[{"embeddable":true,"href":"https:\/\/ganbarataberna.com\/eu\/wp-json\/wp\/v2\/comments?post=2"}],"version-history":[{"count":88,"href":"https:\/\/ganbarataberna.com\/eu\/wp-json\/wp\/v2\/pages\/2\/revisions"}],"predecessor-version":[{"id":297,"href":"https:\/\/ganbarataberna.com\/eu\/wp-json\/wp\/v2\/pages\/2\/revisions\/297"}],"wp:attachment":[{"href":"https:\/\/ganbarataberna.com\/eu\/wp-json\/wp\/v2\/media?parent=2"}],"curies":[{"name":"wp","href":"https:\/\/api.w.org\/{rel}","templated":true}]}}